{"id":70,"date":"2024-11-12T12:49:00","date_gmt":"2024-11-12T11:49:00","guid":{"rendered":"https:\/\/www.arrutela.com\/?page_id=70"},"modified":"2025-06-22T18:19:15","modified_gmt":"2025-06-22T16:19:15","slug":"test","status":"publish","type":"page","link":"https:\/\/www.arrutela.com\/","title":{"rendered":"Inicio"},"content":{"rendered":"<p><strong>Bienvenidos a ARRUTELA, un refugio de paz en plena naturaleza<\/strong><\/p>\n<p>En ARRUTELA, te invitamos a desconectar del bullicio diario y sumergirte en un entorno \u00fanico donde la tranquilidad, el descanso y la belleza del paisaje se combinan para ofrecerte una experiencia incomparable. Situado en el coraz\u00f3n de la naturaleza, nuestro hotel rural es el lugar ideal para aquellos que buscan un respiro en un entorno natural privilegiado.<\/p>\n<p><strong>Un entorno de calma y belleza natural<\/strong><br \/>\nNuestro hotel est\u00e1 rodeado de paisajes id\u00edlicos que invitan a la relajaci\u00f3n: bosques, monta\u00f1as, praderas y senderos que se despliegan ante ti, brindando un escenario perfecto para caminar, meditar o simplemente disfrutar de la serenidad del lugar. Aqu\u00ed, el aire fresco y limpio, junto con los sonidos suaves de la naturaleza, crear\u00e1n la atm\u00f3sfera perfecta para desconectar y revitalizarte.<\/p>\n<p><strong>Ubicaci\u00f3n inmejorable<\/strong><br \/>\nSituado en HONDARRIBIA (Gipuzkoa), a solo 30 minutos de San Sebasti\u00e1n y a 10 del aeropuerto, nuestro hotel se encuentra en el lugar ideal para aquellos que buscan escapar del estr\u00e9s urbano sin renunciar a la comodidad y accesibilidad. Rodeado de la belleza y quietud de la naturaleza, puedes disfrutar de la privacidad y el silencio, sin estar demasiado alejado de los servicios y atractivos tur\u00edsticos de la zona.<\/p>\n<p><strong>Descanso garantizado<\/strong><br \/>\nCada una de nuestras habitaciones ha sido dise\u00f1ada pensando en tu comodidad. Espacios amplios, luminosos y decorados con un estilo c\u00e1lido y acogedor te garantizar\u00e1n un descanso reparador. Las camas, con colchones de alta calidad, y la tranquilidad del entorno har\u00e1n que tu sue\u00f1o sea profundo y reparador. Ya sea que prefieras disfrutar de una tarde leyendo junto a la chimenea o relajarte en el jard\u00edn, cada rinc\u00f3n de ARRUTELA est\u00e1 pensado para brindarte momentos de paz y desconexi\u00f3n.<\/p>\n<p><strong>Vive la naturaleza, siente la calma<\/strong><br \/>\nSi buscas el descanso y la calma que solo la naturaleza puede ofrecer, ARRUTELA es tu destino perfecto. Un lugar donde el tiempo parece detenerse, y la \u00fanica preocupaci\u00f3n ser\u00e1 decidir si disfrutar del paisaje o dejarse llevar por la serenidad del entorno.<\/p>\n<p>Ofrecemos servicio de desayunos.<\/p>\n<p>Te invitamos a visitarnos y descubrir todo lo que ARRUTELA tiene preparado para ti. Ven a disfrutar de una estancia \u00fanica en un para\u00edso de paz y tranquilidad.<\/p>\n<p><img loading=\"lazy\" decoding=\"async\" class=\"aligncenter size-medium wp-image-107\" src=\"http:\/\/www.arrutela.com\/wp-content\/uploads\/2024\/11\/Logo_Cuadrado_B-300x300.png\" alt=\"\" width=\"300\" height=\"300\" srcset=\"https:\/\/www.arrutela.com\/wp-content\/uploads\/2024\/11\/Logo_Cuadrado_B-300x300.png 300w, https:\/\/www.arrutela.com\/wp-content\/uploads\/2024\/11\/Logo_Cuadrado_B-1024x1024.png 1024w, https:\/\/www.arrutela.com\/wp-content\/uploads\/2024\/11\/Logo_Cuadrado_B-150x150.png 150w, https:\/\/www.arrutela.com\/wp-content\/uploads\/2024\/11\/Logo_Cuadrado_B-768x768.png 768w, https:\/\/www.arrutela.com\/wp-content\/uploads\/2024\/11\/Logo_Cuadrado_B-1536x1536.png 1536w, https:\/\/www.arrutela.com\/wp-content\/uploads\/2024\/11\/Logo_Cuadrado_B.png 1772w\" sizes=\"auto, (max-width: 300px) 100vw, 300px\" \/><\/p>\n","protected":false},"excerpt":{"rendered":"<p>Bienvenidos a ARRUTELA, un refugio de paz en plena naturaleza En ARRUTELA, te invitamos a desconectar del bullicio diario y sumergirte en un entorno \u00fanico donde la tranquilidad, el descanso y la belleza del paisaje se combinan para ofrecerte una experiencia incomparable. Situado en el coraz\u00f3n de la naturaleza, nuestro hotel rural es el lugar [&hellip;]<\/p>\n","protected":false},"author":1,"featured_media":0,"parent":0,"menu_order":0,"comment_status":"closed","ping_status":"closed","template":"page-template\/home-template.php","meta":{"footnotes":""},"class_list":["post-70","page","type-page","status-publish","hentry"],"_links":{"self":[{"href":"https:\/\/www.arrutela.com\/index.php\/wp-json\/wp\/v2\/pages\/70","targetHints":{"allow":["GET"]}}],"collection":[{"href":"https:\/\/www.arrutela.com\/index.php\/wp-json\/wp\/v2\/pages"}],"about":[{"href":"https:\/\/www.arrutela.com\/index.php\/wp-json\/wp\/v2\/types\/page"}],"author":[{"embeddable":true,"href":"https:\/\/www.arrutela.com\/index.php\/wp-json\/wp\/v2\/users\/1"}],"replies":[{"embeddable":true,"href":"https:\/\/www.arrutela.com\/index.php\/wp-json\/wp\/v2\/comments?post=70"}],"version-history":[{"count":20,"href":"https:\/\/www.arrutela.com\/index.php\/wp-json\/wp\/v2\/pages\/70\/revisions"}],"predecessor-version":[{"id":221,"href":"https:\/\/www.arrutela.com\/index.php\/wp-json\/wp\/v2\/pages\/70\/revisions\/221"}],"wp:attachment":[{"href":"https:\/\/www.arrutela.com\/index.php\/wp-json\/wp\/v2\/media?parent=70"}],"curies":[{"name":"wp","href":"https:\/\/api.w.org\/{rel}","templated":true}]}}