{"id":163,"date":"2024-11-13T22:16:24","date_gmt":"2024-11-13T21:16:24","guid":{"rendered":"https:\/\/www.arrutela.com\/?page_id=163"},"modified":"2024-11-13T22:16:24","modified_gmt":"2024-11-13T21:16:24","slug":"proteccion-de-datos","status":"publish","type":"page","link":"https:\/\/www.arrutela.com\/index.php\/proteccion-de-datos\/","title":{"rendered":"Protecci\u00f3n de datos"},"content":{"rendered":"<div class=\"tm-intro-text  uk-margin-remove-last-child\">\n<h2>Protecci\u00f3n de datos<\/h2>\n<h4>Protecci\u00f3n de Datos Personales<\/h4>\n<p>En esta web, propiedad de CASA RURAL ARRUTELA, aseguramos la total protecci\u00f3n de los datos de car\u00e1cter personal proporcionados por nuestros usuarios.<\/p>\n<p>En esta secci\u00f3n ponemos a disposici\u00f3n del interesado la informaci\u00f3n legal o pol\u00edtica de privacidad correspondiente a los distintos tratamientos de datos llevados a cabo por nuestra empresa.<\/p>\n<p>En funci\u00f3n de cu\u00e1l sea su relaci\u00f3n con nuestra empresa, le ser\u00e1 aplicable la correspondiente pol\u00edtica de privacidad:<\/p>\n<\/div>\n<div class=\"uk-accordion-content\">\n<p><b>\u00bfQui\u00e9n es el responsable de sus datos?<\/b><\/p>\n<p>De acuerdo con lo establecido por la Ley Org\u00e1nica 3\/2018, de 5 de diciembre, de Protecci\u00f3n de Datos Personales y garant\u00eda de los derechos digitales (LOPD) y el Reglamento General de Protecci\u00f3n de Datos (RGPD) de 27 de Abril de 2016, le informamos que los datos personales aportados ser\u00e1n tratados por ARKAITZ BARANDARAIN ALUNDA con CIF ??????? y domicilio en Barrio Jaitzubia 127 &#8211; 20280, HONDARRIBIA (Gipuzkoa).<\/p>\n<p><b>\u00bfCon qu\u00e9 finalidad tratamos sus datos personales?<\/b><\/p>\n<p>Los datos aportados por usted son necesarios para poder prestarle con todas las garant\u00edas el servicio solicitado, y ser\u00e1n tratados con las siguientes finalidades: gesti\u00f3n de reservas, control de registro de hospedaje, gesti\u00f3n contable, fiscal y administrativa, participaci\u00f3n en sorteos, prospecci\u00f3n comercial y env\u00edo de publicidad.<\/p>\n<p><b>\u00bfPor cu\u00e1nto tiempo conservaremos sus datos?<\/b><\/p>\n<p>Los datos personales proporcionados se conservar\u00e1n hasta la finalizaci\u00f3n de la relaci\u00f3n contractual y, posteriormente, durante los plazos legalmente exigidos.<\/p>\n<p><b>\u00bfCu\u00e1l es la legitimaci\u00f3n para el tratamiento de sus datos?<\/b><\/p>\n<p>La base legal para el tratamiento de sus datos es la ejecuci\u00f3n del contrato suscrito con nosotros.<\/p>\n<p><b>\u00bfA qu\u00e9 destinatarios se comunicar\u00e1n sus datos?<\/b><\/p>\n<p>Para cumplir con la finalidad prevista, sus datos podr\u00e1n ser comunicados a: Administraci\u00f3n tributaria; Fuerzas y cuerpos de seguridad; Bancos, cajas de ahorros y cajas rurales; Entidades aseguradoras; Empresas dedicadas a publicidad o marketing directo.<\/p>\n<p><b>\u00bfCu\u00e1les son sus derechos cuando nos facilita sus datos?<\/b><\/p>\n<p>Cualquier persona tiene derecho a solicitar el acceso, rectificaci\u00f3n, supresi\u00f3n, limitaci\u00f3n del tratamiento, oposici\u00f3n o derecho a la portabilidad de sus datos personales, escribi\u00e9ndonos a la direcci\u00f3n de nuestras oficinas, o enviando un correo electr\u00f3nico a arrutela@arrutela.com, indicando el derecho que desea ejercer.<\/p>\n<p>Tendr\u00e1 derecho igualmente a retirar el consentimiento prestado en cualquier momento. La retirada del consentimiento no afectar\u00e1 a la licitud del tratamiento efectuado antes de la retirada de dicho consentimiento.<\/p>\n<p>Tiene derecho a presentar una reclamaci\u00f3n ante la autoridad de control si considera que pueden haber sido vulnerados sus derechos en lo concerniente a la protecci\u00f3n de sus datos personales.<\/p>\n<\/div>\n","protected":false},"excerpt":{"rendered":"<p>Protecci\u00f3n de datos Protecci\u00f3n de Datos Personales En esta web, propiedad de CASA RURAL ARRUTELA, aseguramos la total protecci\u00f3n de los datos de car\u00e1cter personal proporcionados por nuestros usuarios. En esta secci\u00f3n ponemos a disposici\u00f3n del interesado la informaci\u00f3n legal o pol\u00edtica de privacidad correspondiente a los distintos tratamientos de datos llevados a cabo por [&hellip;]<\/p>\n","protected":false},"author":1,"featured_media":0,"parent":0,"menu_order":0,"comment_status":"closed","ping_status":"closed","template":"","meta":{"footnotes":""},"class_list":["post-163","page","type-page","status-publish","hentry"],"_links":{"self":[{"href":"https:\/\/www.arrutela.com\/index.php\/wp-json\/wp\/v2\/pages\/163","targetHints":{"allow":["GET"]}}],"collection":[{"href":"https:\/\/www.arrutela.com\/index.php\/wp-json\/wp\/v2\/pages"}],"about":[{"href":"https:\/\/www.arrutela.com\/index.php\/wp-json\/wp\/v2\/types\/page"}],"author":[{"embeddable":true,"href":"https:\/\/www.arrutela.com\/index.php\/wp-json\/wp\/v2\/users\/1"}],"replies":[{"embeddable":true,"href":"https:\/\/www.arrutela.com\/index.php\/wp-json\/wp\/v2\/comments?post=163"}],"version-history":[{"count":1,"href":"https:\/\/www.arrutela.com\/index.php\/wp-json\/wp\/v2\/pages\/163\/revisions"}],"predecessor-version":[{"id":164,"href":"https:\/\/www.arrutela.com\/index.php\/wp-json\/wp\/v2\/pages\/163\/revisions\/164"}],"wp:attachment":[{"href":"https:\/\/www.arrutela.com\/index.php\/wp-json\/wp\/v2\/media?parent=163"}],"curies":[{"name":"wp","href":"https:\/\/api.w.org\/{rel}","templated":true}]}}