{"id":158,"date":"2024-11-13T22:09:14","date_gmt":"2024-11-13T21:09:14","guid":{"rendered":"https:\/\/www.arrutela.com\/?page_id=158"},"modified":"2024-11-13T22:10:23","modified_gmt":"2024-11-13T21:10:23","slug":"politica-de-privacidad","status":"publish","type":"page","link":"https:\/\/www.arrutela.com\/index.php\/politica-de-privacidad\/","title":{"rendered":"Pol\u00edtica de Privacidad"},"content":{"rendered":"<h2>Pol\u00edtica de Privacidad<\/h2>\n<h4>Datos del propietario de la web:<\/h4>\n<div class=\"uk-overflow-auto\">\n<table class=\"uk-table uk-table-divider uk-table-small uk-table-justify uk-text-left\">\n<thead>\n<tr>\n<td>Raz\u00f3n Social<\/td>\n<td><b>CASA RURAL ARRUTELA<\/b><\/td>\n<\/tr>\n<\/thead>\n<tbody>\n<tr>\n<td>NIF<\/td>\n<td><b>??????<\/b><\/td>\n<\/tr>\n<tr>\n<td>Direcci\u00f3n postal<\/td>\n<td>Jaitzubia, 127 \u00b7 20280 Hondarribia, Gipuzkoa \u00b7 Spain<\/td>\n<\/tr>\n<tr>\n<td>Direcci\u00f3n electronica<\/td>\n<td>arrutela@arrutela.com<\/td>\n<\/tr>\n<tr>\n<td>Tel\u00e9fonos<\/td>\n<td>(+34) 615741941<\/td>\n<\/tr>\n<tr>\n<td>Objeto principal<\/td>\n<td>PRINCIPAL RESERVA DE HABITACIONES<\/td>\n<\/tr>\n<\/tbody>\n<\/table>\n<\/div>\n<hr \/>\n<h4>Protecci\u00f3n de datos<\/h4>\n<p>De conformidad con la normativa vigente y aplicable en protecci\u00f3n de datos de car\u00e1cter personal, le informamos que sus datos ser\u00e1n incorporados al sistema de tratamiento titularidad de\u00a0<b>CASA RURAL ARRUTELA<\/b>\u00a0con NIF <b>??????? <\/b>y domicilio social sito en<b> Jaitzubia, 127 \u00b7 20280 Hondarribia, Gipuzkoa \u00b7 Spain<\/b>, y que a continuaci\u00f3n se relacionan sus respectivas finalidades, plazos de conservaci\u00f3n y bases legitimadoras. Para aquellos tratamientos que lo requieran, se informa tambi\u00e9n de la posible elaboraci\u00f3n de perfiles y decisiones automatizadas, as\u00ed como las posibles cesiones y las transferencias internacionales que\u00a0<b>CASA RURAL ARRUTELA<\/b>\u00a0tiene previsto realizar:<\/p>\n<div class=\"uk-overflow-auto\">\n<table class=\"uk-table uk-table-divider uk-table-small uk-table-justify uk-text-left\">\n<thead>\n<tr>\n<th colspan=\"2\">TRATAMIENTOS REALIZADOS<\/th>\n<\/tr>\n<\/thead>\n<tbody>\n<tr>\n<td><strong>Gesti\u00f3n de la<\/strong><br \/>\n<strong>p\u00e1gina web<\/strong><\/td>\n<td><strong>Finalidad<\/strong>: Tratamiento y gesti\u00f3n de los datos necesarios para la funcionalidad de la p\u00e1gina web<br \/>\n<strong>Plazo de conservaci\u00f3n<\/strong>: mientras perdure el consentimiento prestado<br \/>\n<strong>Base leg\u00edtima<\/strong>: El consentimiento del interesado<br \/>\n<strong>Tipolog\u00eda de Datos<\/strong>: Datos meramente identificativos<br \/>\n<strong>Cesiones<\/strong>: No se prev\u00e9n<br \/>\n<strong>Transferencias internacionales<\/strong>: No se prev\u00e9n<br \/>\n<strong>Elaboraciones de perfiles<\/strong>: No se prev\u00e9n<\/td>\n<\/tr>\n<tr>\n<td><strong>Formulario<br \/>\nweb<\/strong><\/td>\n<td><strong>Finalidad<\/strong>: Atender sus consultas y\/o solicitudes<br \/>\n<strong>Plazo de conservaci\u00f3n<\/strong>: mientras se mantenga el consentimiento prestado.<br \/>\n<strong>Base leg\u00edtima<\/strong>: El consentimiento del interesado<br \/>\n<strong>Tipolog\u00eda de Datos<\/strong>: Datos meramente identificativos<br \/>\n<strong>Cesiones<\/strong>: Ninguna<br \/>\n<strong>Transferencias internacionales<\/strong>: No se prev\u00e9n<br \/>\n<strong>Elaboraciones de perfiles<\/strong>: No se prev\u00e9n<\/td>\n<\/tr>\n<tr>\n<td><strong>Gesti\u00f3n del<\/strong><br \/>\n<strong>cumplimiento<\/strong><br \/>\n<strong>normativo<\/strong><\/td>\n<td><strong>Finalidad<\/strong>: Gesti\u00f3n y tramitaci\u00f3n de las obligaciones y deberes que se deriven del cumplimiento de la normativa a la cual est\u00e1 sujeta la entidad<br \/>\n<strong>Plazo de conservaci\u00f3n<\/strong>: conservaci\u00f3n de las copias de los documentos hasta que prescriban las acciones para reclamarle una posible responsabilidad<br \/>\n<strong>Base leg\u00edtima<\/strong>: El cumplimiento de una ley<br \/>\n<strong>Tipolog\u00eda de Datos<\/strong>: Datos meramente identificativos<br \/>\n<strong>Cesiones<\/strong>: sus datos ser\u00e1n comunicados en caso de ser necesario a Organismos y\/o administraci\u00f3n p\u00fablica con competencia en la materia con la finalidad de cumplir con las obligaciones establecidas en la normativa aplicable. Adem\u00e1s, se informa que la base legitimadora de la cesi\u00f3n es cumplir con las obligaciones establecidas en la normativa aplicable<br \/>\n<strong>Transferencias internacionales<\/strong>: No se prev\u00e9n<br \/>\n<strong>Elaboraciones de perfiles<\/strong>: No se prev\u00e9n<\/td>\n<\/tr>\n<tr>\n<td><strong>Newsletters<\/strong><\/td>\n<td><strong>Finalidad<\/strong>: Captaci\u00f3n, registro y tratamiento de datos con finalidades de marketing para realizar el env\u00edo correspondiente a la Newsletter a la cual se ha subscrito<br \/>\n<strong>Plazo de conservaci\u00f3n<\/strong>: mientras se mantenga el consentimiento prestado<br \/>\n<strong>Base leg\u00edtima<\/strong>: El consentimiento del interesado<br \/>\n<strong>Tipolog\u00eda de Datos<\/strong>: Datos meramente identificativos<br \/>\n<strong>Cesiones<\/strong>: Ninguna<br \/>\n<strong>Transferencias internacionales<\/strong>: No se prev\u00e9n<br \/>\n<strong>Elaboraciones de perfiles<\/strong>: No se prev\u00e9n<\/td>\n<\/tr>\n<tr>\n<td><strong>Acciones<\/strong><br \/>\n<strong>Comerciales<\/strong><\/td>\n<td><strong>Finalidad<\/strong>: Captaci\u00f3n, registro y tratamiento de datos con finalidades de publicidad y prospecci\u00f3n comercial de nuestros productos y\/o servicios<br \/>\n<strong>Plazo de conservaci\u00f3n<\/strong>: mientras se mantenga el consentimiento prestado<br \/>\n<strong>Base leg\u00edtima:<\/strong>\u00a0El consentimiento del interesado<br \/>\n<strong>Tipolog\u00eda de Datos<\/strong>: Datos meramente identificativos<br \/>\n<strong>Cesiones<\/strong>: Ninguna<br \/>\n<strong>Transferencias internacionales<\/strong>: No se prev\u00e9n<br \/>\n<strong>Elaboraciones de perfiles<\/strong>: No se prev\u00e9n<\/td>\n<\/tr>\n<tr>\n<td><strong>Registro de los<br \/>\nusuarios<\/strong><\/td>\n<td><strong>Finalidad<\/strong>: Captaci\u00f3n, registro y tratamiento de datos para poder registrarse como usuario<br \/>\n<strong>Plazo de conservaci\u00f3n<\/strong>: mientras perdure el consentimiento prestado<br \/>\n<strong>Base leg\u00edtima<\/strong>: El consentimiento del interesado<br \/>\n<strong>Tipolog\u00eda de Datos<\/strong>: Datos meramente identificativos<br \/>\n<strong>Cesiones<\/strong>: No se prev\u00e9n<br \/>\n<strong>Transferencias internacionales<\/strong>: No se prev\u00e9n<br \/>\n<strong>Elaboraciones de perfiles<\/strong>: No se prev\u00e9n<\/td>\n<\/tr>\n<tr>\n<td><strong>Gesti\u00f3n de la<br \/>\ncontrataci\u00f3n<br \/>\nde servicios<\/strong><\/td>\n<td><strong>Finalidad<\/strong>: Captaci\u00f3n, registro y tratamiento de datos con la finalidad de gestionar su compra, as\u00ed como para el correcto desarrollo, cumplimiento y ejecuci\u00f3n del contrato entre ambas partes<br \/>\n<strong>Plazo de conservaci\u00f3n<\/strong>: durante el plazo necesario para gestionar la compra de los productos o servicios adquiridos incluyendo posibles devoluciones, quejas o reclamaciones asociadas a la compra del producto o servicio en particular<br \/>\n<strong>Base leg\u00edtima<\/strong>: La ejecuci\u00f3n de un contrato<br \/>\n<strong>Tipolog\u00eda de Datos<\/strong>: Datos meramente identificativos<br \/>\n<strong>Cesiones<\/strong>: sus datos podr\u00e1n ser comunicados en caso de ser necesario a empresas que subvencionen los concursos, premios y\/o promociones<br \/>\n<strong>Transferencias internacionales<\/strong>: No se prev\u00e9n<br \/>\n<strong>Elaboraciones de perfiles<\/strong>: No se prev\u00e9n<\/td>\n<\/tr>\n<tr>\n<td><strong>Gesti\u00f3n<br \/>\necon\u00f3mica y<br \/>\nadministrativa<\/strong><\/td>\n<td><strong>Finalidad<\/strong>: Gesti\u00f3n administrativa, facturaci\u00f3n, contabilidad y obligaciones legales<br \/>\n<strong>Plazo de conservaci\u00f3n<\/strong>: 5 a\u00f1os en cumplimiento de la ley tributaria y 10 a\u00f1os la documentaci\u00f3n fiscal en cumplimiento de la L.O.7\/2012<br \/>\n<strong>Base leg\u00edtima<\/strong>: El consentimiento del interesado<br \/>\n<strong>Tipolog\u00eda de Datos<\/strong>: Datos meramente identificativos<br \/>\n<strong>Cesiones<\/strong>: sus datos ser\u00e1n comunicados en caso de ser necesario a Agencia Tributaria, Bancos, Cajas y Organismos y\/o administraci\u00f3n p\u00fablica con competencia en la materia con la finalidad de cumplir con las obligaciones tributarias y fiscales establecidas en la normativa aplicable. Adem\u00e1s, se informa que la base legitimadora de la cesi\u00f3n es cumplir con las obligaciones establecidas en la normativa aplicable<br \/>\n<strong>Transferencias internacionales<\/strong>: No se prev\u00e9n<br \/>\n<strong>Elaboraciones de perfiles<\/strong>: No se prev\u00e9n<\/td>\n<\/tr>\n<\/tbody>\n<\/table>\n<\/div>\n<hr \/>\n<h4>Derechos de los interesados<\/h4>\n<p><b>CASA RURAL AROTZENEA<\/b>\u00a0informa a los Usuarios que, podr\u00e1 ejercer los derechos de acceso, rectificaci\u00f3n, limitaci\u00f3n, supresi\u00f3n, portabilidad y oposici\u00f3n al tratamiento de sus datos de car\u00e1cter personal ante el Responsable del Tratamiento, as\u00ed como a la retirada del consentimiento prestado.<\/p>\n<ul>\n<li><strong>Derecho de Acceso<\/strong>\u00a0: Es el derecho del usuario a obtener informaci\u00f3n sobre sus datos\u00a0concretos de car\u00e1cter personal y del tratamiento que se haya realizado o realice, as\u00ed como de<br \/>\nla informaci\u00f3n disponible sobre el origen de dichos datos y las comunicaciones realizadas o\u00a0previstas de los mismos.<\/li>\n<li><strong>Derecho de Rectificaci\u00f3n<\/strong>\u00a0: Es el derecho del afectado a que se modifiquen los datos que\u00a0resulten ser inexactos o incompletos. S\u00f3lo podr\u00e1 satisfacerse en relaci\u00f3n a aquella\u00a0informaci\u00f3n que se encuentre bajo el control de la APP, por ejemplo, eliminar comentarios\u00a0publicados en la propia p\u00e1gina, im\u00e1genes o contenidos web donde consten datos de car\u00e1cter\u00a0personal del usuario.<\/li>\n<li><strong>Derecho a la Limitaci\u00f3n de tratamiento<\/strong>\u00a0: Es el derecho a que se limiten los fines del\u00a0tratamiento previstos de forma original por el responsable del tratamiento.<\/li>\n<li><strong>Derecho de Supresi\u00f3n<\/strong>\u00a0: Es el derecho a suprimir los datos de car\u00e1cter personal del usuario,\u00a0a excepci\u00f3n de lo previsto en el propio RGPD o en otras normativas aplicables que\u00a0determinen la obligatoriedad de la conservaci\u00f3n de los mismos, en tiempo y forma.<\/li>\n<li><b>Derecho de portabilidad\u00a0<\/b>: El derecho a recibir los datos personales que el usuario, haya\u00a0facilitado, en un formato estructurado, de uso com\u00fan y lectura mec\u00e1nica, y a transmitirlos a\u00a0otro responsable.<\/li>\n<li><strong>Derecho de Oposici\u00f3n<\/strong>\u00a0: Es el derecho del usuario a que no se lleve a cabo el tratamiento de\u00a0sus datos de car\u00e1cter personal o se cese el tratamiento de los mismos por parte del\u00a0responsable del tratamiento.<\/li>\n<\/ul>\n<p>Para poder ejercer cualquiera de los derechos descritos anteriormente deber\u00e1 cumplir con los\u00a0siguientes requisitos:<\/p>\n<ul>\n<li>Presentaci\u00f3n de un escrito a la direcci\u00f3n\u00a0<b>Jaitzubia, 127 \u00b7 20280 Hondarribia, Gipuzkoa \u00b7 Spain<\/b>\u00a0(a la atenci\u00f3n de\u00a0<b>CASA RURAL ARRUTELA<\/b>) o<br \/>\nbien a trav\u00e9s del correo electr\u00f3nico arrutela@arrutela.com<\/li>\n<li>El escrito remitido por el titular de los datos que solicite el ejercicio deber\u00e1 de cumplir los\u00a0siguientes requisitos legales:\n<ul>\n<li>Nombre, apellidos del interesado y copia del DNI\/NIE o cualquier documento\u00a0identificativo. En los excepcionales casos en que se admita la representaci\u00f3n, ser\u00e1\u00a0tambi\u00e9n necesaria la identificaci\u00f3n por el mismo medio de la persona que le\u00a0representa, as\u00ed como el documento acreditativo de la representaci\u00f3n. La fotocopia del\u00a0DNI podr\u00e1 ser sustituida siempre que se acredite la identidad por cualquier otro medio\u00a0v\u00e1lido en derecho.<\/li>\n<li>Petici\u00f3n en que se concreta la solicitud. (Ejercicio en el que se solicita la informaci\u00f3n\u00a0a la que se quiere acceder). Si no hace referencia a un fichero concreto se le\u00a0facilitar\u00e1 toda la\u00a0 informaci\u00f3n que se tenga con sus datos de car\u00e1cter personal. Si\u00a0solicita informaci\u00f3n de un fichero en concreto, s\u00f3lo la informaci\u00f3n de este fichero. Si\u00a0solicita informaci\u00f3n relativa a un tercero nunca se podr\u00e1 facilitar. Si lo solicita por\u00a0tel\u00e9fono se le indicar\u00e1 que lo haga por escrito y se le informar\u00e1 de c\u00f3mo lo puede\u00a0hacer y la direcci\u00f3n a la que tiene que enviarlo. Nunca se le dar\u00e1 informaci\u00f3n por\u00a0tel\u00e9fono.<\/li>\n<li>Domicilio a efectos de notificaciones.<\/li>\n<li>Fecha y firma del solicitante.<\/li>\n<li>Documentos acreditativos de la petici\u00f3n que formula.<\/li>\n<li>El interesado debe utilizar cualquier medio que permita acreditar el env\u00edo y la recepci\u00f3n de la solicitud.<\/li>\n<\/ul>\n<\/li>\n<\/ul>\n<p>Por \u00faltimo, le informamos que Usted tiene derecho a presentar una reclamaci\u00f3n ante la Agencia Espa\u00f1ola de Protecci\u00f3n de Datos en caso de que tenga conocimiento o considere que\u00a0un hecho pueda suponer un incumplimiento de la normativa aplicable en materia de protecci\u00f3n de datos.<\/p>\n<p><b>CASA RURAL ARRUTELA<\/b>\u00a0se compromete a adoptar las medidas t\u00e9cnicas y organizativas necesarias, acorde al nivel de riesgos que acompa\u00f1an los tratamientos realizados por \u00e9stas e indicados en el apartado de los t\u00e9rminos y condiciones de uso, de forma que garanticen su integridad, confidencialidad y disponibilidad.<\/p>\n","protected":false},"excerpt":{"rendered":"<p>Pol\u00edtica de Privacidad Datos del propietario de la web: Raz\u00f3n Social CASA RURAL ARRUTELA NIF ?????? Direcci\u00f3n postal Jaitzubia, 127 \u00b7 20280 Hondarribia, Gipuzkoa \u00b7 Spain Direcci\u00f3n electronica arrutela@arrutela.com Tel\u00e9fonos (+34) 615741941 Objeto principal PRINCIPAL RESERVA DE HABITACIONES Protecci\u00f3n de datos De conformidad con la normativa vigente y aplicable en protecci\u00f3n de datos de car\u00e1cter [&hellip;]<\/p>\n","protected":false},"author":1,"featured_media":0,"parent":0,"menu_order":0,"comment_status":"closed","ping_status":"closed","template":"","meta":{"footnotes":""},"class_list":["post-158","page","type-page","status-publish","hentry"],"_links":{"self":[{"href":"https:\/\/www.arrutela.com\/index.php\/wp-json\/wp\/v2\/pages\/158","targetHints":{"allow":["GET"]}}],"collection":[{"href":"https:\/\/www.arrutela.com\/index.php\/wp-json\/wp\/v2\/pages"}],"about":[{"href":"https:\/\/www.arrutela.com\/index.php\/wp-json\/wp\/v2\/types\/page"}],"author":[{"embeddable":true,"href":"https:\/\/www.arrutela.com\/index.php\/wp-json\/wp\/v2\/users\/1"}],"replies":[{"embeddable":true,"href":"https:\/\/www.arrutela.com\/index.php\/wp-json\/wp\/v2\/comments?post=158"}],"version-history":[{"count":2,"href":"https:\/\/www.arrutela.com\/index.php\/wp-json\/wp\/v2\/pages\/158\/revisions"}],"predecessor-version":[{"id":160,"href":"https:\/\/www.arrutela.com\/index.php\/wp-json\/wp\/v2\/pages\/158\/revisions\/160"}],"wp:attachment":[{"href":"https:\/\/www.arrutela.com\/index.php\/wp-json\/wp\/v2\/media?parent=158"}],"curies":[{"name":"wp","href":"https:\/\/api.w.org\/{rel}","templated":true}]}}