{"id":149,"date":"2024-11-13T21:55:30","date_gmt":"2024-11-13T20:55:30","guid":{"rendered":"https:\/\/www.arrutela.com\/?page_id=149"},"modified":"2024-11-13T22:03:36","modified_gmt":"2024-11-13T21:03:36","slug":"aviso-legal","status":"publish","type":"page","link":"https:\/\/www.arrutela.com\/index.php\/aviso-legal\/","title":{"rendered":"Aviso Legal"},"content":{"rendered":"<h2>Aviso legal<\/h2>\n<h4>Introducci\u00f3n<\/h4>\n<p>En cumplimiento de la Ley 34\/2002, de 11 de julio, de Servicios de la Sociedad de la Informaci\u00f3n y de Comercio Electr\u00f3nico (LSSI-CE),\u00a0<b>CASA RURAL ARRUTELA<\/b>\u00a0informa que es titular del sitio web. De acuerdo con la exigencia del art\u00edculo 10 de la citada Ley,\u00a0<b>CASA RURAL ARRUTELA<\/b>\u00a0informa de los siguientes datos:<\/p>\n<div class=\"uk-overflow-auto\">\n<table class=\"uk-table uk-table-divider uk-table-small uk-table-justify uk-text-left\">\n<thead>\n<tr>\n<td>Raz\u00f3n Social<\/td>\n<td><b>CASA RURAL ARRUTELA<\/b><\/td>\n<\/tr>\n<\/thead>\n<tbody>\n<tr>\n<td>NIF<\/td>\n<td><b>????????<\/b><\/td>\n<\/tr>\n<tr>\n<td>Direcci\u00f3n postal<\/td>\n<td><b>Jaitzubia, 127 \u00b7 20280 Hondarribia, Gipuzkoa \u00b7 Spain<\/b><\/td>\n<\/tr>\n<tr>\n<td>Direcci\u00f3n electronica<\/td>\n<td><b>arrutela@arrutela.com<\/b><\/td>\n<\/tr>\n<tr>\n<td>Tel\u00e9fonos<\/td>\n<td><b>(+34) 615741941<\/b><\/td>\n<\/tr>\n<tr>\n<td>Objeto principal<\/td>\n<td><b>PRINCIPAL RESERVA DE HABITACIONES<\/b><\/td>\n<\/tr>\n<\/tbody>\n<\/table>\n<\/div>\n<hr \/>\n<h4>Usuario y r\u00e9gimen de responsabilidades<\/h4>\n<p>La navegaci\u00f3n, acceso y uso por el sitio web de\u00a0<b>CASA RURAL ARRUTELA<\/b>\u00a0confiere la condici\u00f3n de usuario, por la que se aceptan, desde la navegaci\u00f3n por el sitio web de\u00a0<b>CASA RURAL ARRUTELA<\/b>, todas las condiciones de uso aqu\u00ed establecidas sin perjuicio de la aplicaci\u00f3n de la correspondiente normativa de obligado cumplimiento legal seg\u00fan el caso. El sitio web de\u00a0<b>CASA RURAL ARRUTELA<\/b>proporciona gran diversidad de informaci\u00f3n, servicios y datos. El usuario asume su responsabilidad en el uso correcto del sitio web. Esta responsabilidad se extender\u00e1 a:<\/p>\n<ul>\n<li>La veracidad y licitud de las informaciones aportadas por el usuario en los\u00a0formularios extendidos por\u00a0<b>CASA RURAL ARRUTELA.<\/b>\u00a0para el acceso a ciertos\u00a0contenidos o servicios ofrecidos por el web.<\/li>\n<li>El uso de la informaci\u00f3n, servicios y datos ofrecidos por\u00a0<b>CASA RURAL ARRUTELA <\/b>contrariamente a lo dispuesto por las presentes condiciones, la Ley, la\u00a0moral, las buenas costumbres o el orden p\u00fablico, o que de cualquier otro\u00a0modo puedan suponer lesi\u00f3n de los derechos de terceros o del mismo\u00a0funcionamiento del sitio web.<\/li>\n<\/ul>\n<hr \/>\n<h4>Pol\u00edtica de enlaces y exenciones de responsabilidad<\/h4>\n<p><b>CASA RURAL ARRUTELA<\/b>\u00a0no se hace responsable del contenido de los sitios web a los que el usuario pueda acceder a trav\u00e9s de los enlaces establecidos en su sitio web y declara que en ning\u00fan caso proceder\u00e1 a examinar o ejercitar ning\u00fan tipo de control sobre el contenido de otros sitios de la red. Asimismo, tampoco garantizar\u00e1 la disponibilidad t\u00e9cnica, exactitud, veracidad, validez o legalidad de sitios ajenos a su propiedad a los que se pueda acceder por medio de los enlaces.<\/p>\n<p><b>CASA RURAL ARRUTELA<\/b>\u00a0declara haber adoptado todas las medidas necesarias para evitar cualquier da\u00f1o a los usuarios de su sitio web, que pudieran derivarse de la navegaci\u00f3n por su sitio web. En consecuencia,\u00a0<b>CASA RURAL ARRUTELA<\/b>\u00a0no se hace responsable, en ning\u00fan caso, de los eventuales da\u00f1os que por la navegaci\u00f3n por Internet pudiera sufrir el usuario.<\/p>\n<hr \/>\n<h4>Modificaciones<\/h4>\n<p><b>CASA RURAL ARRUTELA<\/b>\u00a0se reserva el derecho a realizar las modificaciones que considere oportunas, sin aviso previo, en el contenido de su sitio web. Tanto en lo referente a los contenidos del sitio web, como en las condiciones de uso del mismo, o en las condiciones generales de contrataci\u00f3n. Dichas modificaciones podr\u00e1n realizarse a trav\u00e9s de su sitio web por cualquier forma admisible en derecho y ser\u00e1n de obligado cumplimiento durante el tiempo en que se encuentren publicadas en el web y hasta que no sean modificadas v\u00e1lidamente por otras posteriores.<\/p>\n<hr \/>\n<h4>Propiedad intelectual e industrial<\/h4>\n<p><b>CASA RURAL ARRUTELA<\/b>\u00a0por s\u00ed misma o como cesionaria, es titular de todos los derechos de propiedad intelectual e industrial de su p\u00e1gina web, as\u00ed como de los elementos contenidos en la misma (a t\u00edtulo enunciativo, im\u00e1genes, sonido, audio, v\u00eddeo, software o textos; marcas o logotipos, combinaciones de colores, estructura y dise\u00f1o, selecci\u00f3n de materiales usados, programas de ordenador necesarios para su funcionamiento, acceso y uso, etc.), titularidad de\u00a0<b>CASA RURAL ARRUTELA<\/b>\u00a0Ser\u00e1n, por consiguiente, obras protegidas como propiedad intelectual por el ordenamiento jur\u00eddico espa\u00f1ol, si\u00e9ndoles aplicables tanto la normativa espa\u00f1ola y comunitaria en este campo, como los tratados internacionales relativos a la materia y suscritos por Espa\u00f1a.<\/p>\n<p>Todos los derechos reservados. En virtud de lo dispuesto en la Ley de Propiedad Intelectual, quedan expresamente prohibidas la reproducci\u00f3n, la distribuci\u00f3n y la comunicaci\u00f3n p\u00fablica, incluida su modalidad de puesta a disposici\u00f3n, de la totalidad o parte de los contenidos de esta p\u00e1gina web, con fines comerciales, en cualquier soporte y por cualquier medio t\u00e9cnico, sin la autorizaci\u00f3n de\u00a0<b>CASA RURAL ARRUTELA<\/b><\/p>\n<p>El usuario se compromete a respetar los derechos de Propiedad Intelectual e Industrial titularidad de\u00a0<b>CASA RURAL ARRUTELA<\/b>\u00a0Podr\u00e1 visualizar los elementos del portal e incluso imprimirlos, copiarlos y almacenarlos en el disco duro de su ordenador o en cualquier otro soporte f\u00edsico siempre y cuando sea, \u00fanica y exclusivamente, para su uso personal y privado. El usuario deber\u00e1 abstenerse de suprimir, alterar, eludir o manipular cualquier dispositivo de protecci\u00f3n o sistema de seguridad que estuviera instalado en las p\u00e1ginas de\u00a0<b>CASA RURAL ARRUTELA<\/b><\/p>\n<hr \/>\n<h4>Acciones legales, legislaci\u00f3n aplicable y jurisdicci\u00f3n<\/h4>\n<p><b>CASA RURAL ARRUTELA<\/b>\u00a0se reserva, asimismo, la facultad de presentar las acciones civiles o penales que considere oportunas por la utilizaci\u00f3n indebida de su sitio web y contenidos, o por el incumplimiento de las presentes condiciones.<\/p>\n<p>La relaci\u00f3n entre el usuario y el prestador se regir\u00e1 por la normativa vigente y de aplicaci\u00f3n en el territorio espa\u00f1ol. De surgir cualquier controversia las partes podr\u00e1n someter sus conflictos a arbitraje o acudir a la jurisdicci\u00f3n ordinaria cumpliendo con las normas sobre jurisdicci\u00f3n y competencia al respecto.\u00a0<b>CASA RURAL ARRUTELA<\/b> tiene su domicilio en Hondarribia, Espa\u00f1a.<\/p>\n<p>Los contratos celebrados por v\u00eda electr\u00f3nica en los que intervenga como parte un consumidor se presumir\u00e1n celebrados en el lugar en que \u00e9ste tenga su residencia habitual.<\/p>\n<p>Los contratos electr\u00f3nicos entre empresarios o profesionales, en defecto de pacto entre las partes, se presumir\u00e1n celebrados en el lugar en que est\u00e9 establecido el prestador de servicios.<\/p>\n<p>Resoluci\u00f3n de litigios en l\u00ednea conforme al Art. 14.1 del Reglamento (UE) 524\/2013: La Comisi\u00f3n Europea facilita una plataforma de resoluci\u00f3n de litigios en l\u00ednea, la cual se encuentra disponible en el siguiente enlace:\u00a0<a href=\"https:\/\/ec.europa.eu\/consumers\/odr\/\" target=\"_blank\" rel=\"noopener\">https:\/\/ec.europa.eu\/consumers&#8230;<\/a><\/p>\n","protected":false},"excerpt":{"rendered":"<p>Aviso legal Introducci\u00f3n En cumplimiento de la Ley 34\/2002, de 11 de julio, de Servicios de la Sociedad de la Informaci\u00f3n y de Comercio Electr\u00f3nico (LSSI-CE),\u00a0CASA RURAL ARRUTELA\u00a0informa que es titular del sitio web. De acuerdo con la exigencia del art\u00edculo 10 de la citada Ley,\u00a0CASA RURAL ARRUTELA\u00a0informa de los siguientes datos: Raz\u00f3n Social CASA [&hellip;]<\/p>\n","protected":false},"author":1,"featured_media":0,"parent":0,"menu_order":0,"comment_status":"closed","ping_status":"closed","template":"","meta":{"footnotes":""},"class_list":["post-149","page","type-page","status-publish","hentry"],"_links":{"self":[{"href":"https:\/\/www.arrutela.com\/index.php\/wp-json\/wp\/v2\/pages\/149","targetHints":{"allow":["GET"]}}],"collection":[{"href":"https:\/\/www.arrutela.com\/index.php\/wp-json\/wp\/v2\/pages"}],"about":[{"href":"https:\/\/www.arrutela.com\/index.php\/wp-json\/wp\/v2\/types\/page"}],"author":[{"embeddable":true,"href":"https:\/\/www.arrutela.com\/index.php\/wp-json\/wp\/v2\/users\/1"}],"replies":[{"embeddable":true,"href":"https:\/\/www.arrutela.com\/index.php\/wp-json\/wp\/v2\/comments?post=149"}],"version-history":[{"count":8,"href":"https:\/\/www.arrutela.com\/index.php\/wp-json\/wp\/v2\/pages\/149\/revisions"}],"predecessor-version":[{"id":157,"href":"https:\/\/www.arrutela.com\/index.php\/wp-json\/wp\/v2\/pages\/149\/revisions\/157"}],"wp:attachment":[{"href":"https:\/\/www.arrutela.com\/index.php\/wp-json\/wp\/v2\/media?parent=149"}],"curies":[{"name":"wp","href":"https:\/\/api.w.org\/{rel}","templated":true}]}}